{"id":1018,"date":"2025-06-10T09:44:20","date_gmt":"2025-06-10T02:44:20","guid":{"rendered":"https:\/\/demo17.mikotech.com.vn\/?page_id=1018"},"modified":"2026-03-19T16:28:19","modified_gmt":"2026-03-19T09:28:19","slug":"chung-toi","status":"publish","type":"page","link":"https:\/\/demo17.mikotech.com.vn\/vi\/chung-toi\/","title":{"rendered":"U.S Open Tours"},"content":{"rendered":"<p>[et_pb_section fb_built=&#8221;1&#8243; _builder_version=&#8221;4.27.4&#8243; _module_preset=&#8221;default&#8221; custom_padding=&#8221;0px||0px||false|false&#8221; global_colors_info=&#8221;{}&#8221;][et_pb_row make_equal=&#8221;on&#8221; _builder_version=&#8221;4.27.4&#8243; _module_preset=&#8221;default&#8221; background_enable_color=&#8221;off&#8221; background_image=&#8221;https:\/\/demo17.mikotech.com.vn\/wp-content\/uploads\/2025\/06\/slide.png&#8221; width=&#8221;98%&#8221; min_height=&#8221;400px&#8221; custom_css_before=&#8221;content: &#8221;;||top: 0;||left: 0;||height: 100%;||position: absolute;||width: 100%;||background-color: rgba(0,0,0,0.5);&#8221; custom_css_main_element=&#8221;align-items: center;||justify-content: center;&#8221; border_radii=&#8221;on|1rem|1rem|1rem|1rem&#8221; global_colors_info=&#8221;{}&#8221;][et_pb_column type=&#8221;4_4&#8243; _builder_version=&#8221;4.27.4&#8243; _module_preset=&#8221;default&#8221; global_colors_info=&#8221;{}&#8221;][et_pb_code _builder_version=&#8221;4.27.4&#8243; _module_preset=&#8221;default&#8221; text_orientation=&#8221;center&#8221; global_colors_info=&#8221;{}&#8221;]<nav aria-label=\"breadcrumbs\" class=\"rank-math-breadcrumb\"><p><span class=\"last\">Home<\/span><\/p><\/nav>[\/et_pb_code][et_pb_heading title=&#8221;U.S Open tours&#8221; _builder_version=&#8221;4.27.4&#8243; _module_preset=&#8221;default&#8221; title_font=&#8221;|700||on|||||&#8221; title_text_align=&#8221;center&#8221; title_text_color=&#8221;#FFFFFF&#8221; global_colors_info=&#8221;{}&#8221;][\/et_pb_heading][\/et_pb_column][\/et_pb_row][et_pb_row _builder_version=&#8221;4.27.4&#8243; _module_preset=&#8221;default&#8221; width=&#8221;100%&#8221; global_colors_info=&#8221;{}&#8221;][et_pb_column type=&#8221;4_4&#8243; _builder_version=&#8221;4.27.4&#8243; _module_preset=&#8221;default&#8221; global_colors_info=&#8221;{}&#8221;][et_pb_text _builder_version=&#8221;4.27.4&#8243; _module_preset=&#8221;default&#8221; custom_padding=&#8221;||0px|||&#8221; hover_enabled=&#8221;0&#8243; global_colors_info=&#8221;{}&#8221; sticky_enabled=&#8221;0&#8243;]<\/p>\n<p>&nbsp;<\/p>\n<h1><span style=\"font-size: 21px;\"><strong><span style=\"font-family: Roboto;\">T\u1ef1 tin kh\u00e1m ph\u00e1 X\u1ee9 s\u1edf C\u1edd Hoa<\/span><\/strong><\/span><\/h1>\n<p data-start=\"308\" data-end=\"827\"><span style=\"font-size: 16px; font-family: Roboto;\">Hoa K\u1ef3 l\u00e0 m\u1ed9t \u0111i\u1ec3m \u0111\u1ebfn r\u1ed9ng l\u1edbn v\u00e0 \u0111a d\u1ea1ng, mang \u0111\u1ebfn nh\u1eefng tr\u1ea3i nghi\u1ec7m phong ph\u00fa cho m\u1ecdi du kh\u00e1ch. T\u1eeb nh\u1eefng k\u1ef3 quan thi\u00ean nhi\u00ean mang t\u00ednh bi\u1ec3u t\u01b0\u1ee3ng nh\u01b0 Grand Canyon, Yellowstone v\u00e0 V\u01b0\u1eddn Qu\u1ed1c gia Glacier \u0111\u1ebfn c\u00e1c th\u00e0nh ph\u1ed1 n\u1ed5i ti\u1ebfng to\u00e0n c\u1ea7u nh\u01b0 New York, San Francisco v\u00e0 New Orleans, qu\u1ed1c gia n\u00e0y m\u1edf ra v\u00f4 v\u00e0n c\u01a1 h\u1ed9i kh\u00e1m ph\u00e1. D\u00f9 b\u1ea1n mong mu\u1ed1n th\u01b0 gi\u00e3n tr\u00ean nh\u1eefng b\u00e3i bi\u1ec3n tuy\u1ec7t \u0111\u1eb9p c\u1ee7a Hawaii v\u00e0 Florida hay t\u00ecm hi\u1ec3u l\u1ecbch s\u1eed phong ph\u00fa t\u1ea1i Boston v\u00e0 Washington D.C, Hoa K\u1ef3 \u0111\u1ec1u c\u00f3 th\u1ec3 \u0111\u00e1p \u1ee9ng nhi\u1ec1u s\u1edf th\u00edch kh\u00e1c nhau.<\/span><\/p>\n<p data-start=\"829\" data-end=\"1145\"><span style=\"font-size: 16px; font-family: Roboto;\">Tuy nhi\u00ean, vi\u1ec7c du l\u1ecbch t\u1ef1 t\u00fac t\u1ea1i Hoa K\u1ef3 c\u00f3 th\u1ec3 kh\u00e1 ph\u1ee9c t\u1ea1p &#8211; \u0111\u1eb7c bi\u1ec7t \u0111\u1ed1i v\u1edbi du kh\u00e1ch qu\u1ed1c t\u1ebf. H\u1ec7 th\u1ed1ng giao th\u00f4ng c\u00f4ng c\u1ed9ng h\u1ea1n ch\u1ebf t\u1ea1i nhi\u1ec1u khu v\u1ef1c, kho\u1ea3ng c\u00e1ch \u0111\u1ecba l\u00fd xa gi\u1eefa c\u00e1c \u0111i\u1ec3m \u0111\u1ebfn, c\u00f9ng v\u1edbi chi ph\u00ed l\u01b0u tr\u00fa v\u00e0 tham quan t\u01b0\u01a1ng \u0111\u1ed1i cao c\u00f3 th\u1ec3 khi\u1ebfn vi\u1ec7c l\u1eadp k\u1ebf ho\u1ea1ch chuy\u1ebfn \u0111i tr\u1edf n\u00ean kh\u00f3 kh\u0103n v\u00e0 t\u1ed1n k\u00e9m.<\/span><\/p>\n<p data-start=\"829\" data-end=\"1145\">\n<h1 data-section-id=\"nbivlw\" data-start=\"1147\" data-end=\"1200\"><span style=\"font-size: 21px;\"><strong data-start=\"1151\" data-end=\"1200\"><span style=\"font-family: Roboto;\">Gi\u1ea3i ph\u00e1p c\u1ee7a ch\u00fang t\u00f4i: M\u00f4 h\u00ecnh \u201cTour m\u1edf\u201d<\/span><\/strong><\/span><\/h1>\n<p data-start=\"1202\" data-end=\"1598\"><span style=\"font-size: 16px; font-family: Roboto;\">\u0110\u1ec3 gi\u1ea3i quy\u1ebft nh\u1eefng th\u00e1ch th\u1ee9c n\u00e0y, <strong data-start=\"1238\" data-end=\"1256\"><span style=\"font-family: Roboto;\">U.S Open Tours<\/span><\/strong> gi\u1edbi thi\u1ec7u m\u00f4 h\u00ecnh \u201cTour m\u1edf\u201d &#8211; m\u1ed9t h\u00ecnh th\u1ee9c du l\u1ecbch \u0111\u00e3 \u0111\u01b0\u1ee3c ki\u1ec3m ch\u1ee9ng v\u00e0 \u00e1p d\u1ee5ng r\u1ed9ng r\u00e3i t\u1ea1i ch\u00e2u \u00c1. C\u00e1c ch\u01b0\u01a1ng tr\u00ecnh tour c\u1ee7a ch\u00fang t\u00f4i \u0111\u01b0\u1ee3c thi\u1ebft k\u1ebf nh\u1eb1m cung c\u1ea5p nh\u1eefng d\u1ecbch v\u1ee5 thi\u1ebft y\u1ebfu, bao g\u1ed3m ph\u01b0\u01a1ng ti\u1ec7n v\u1eadn chuy\u1ec3n, kh\u00e1ch s\u1ea1n v\u00e0 h\u01b0\u1edbng d\u1eabn vi\u00ean chuy\u00ean nghi\u1ec7p, gi\u00fap du kh\u00e1ch tr\u1ea3i nghi\u1ec7m h\u00e0nh tr\u00ecnh m\u1ed9t c\u00e1ch thu\u1eadn ti\u1ec7n v\u00e0 linh ho\u1ea1t.<\/span><\/p>\n<p data-start=\"1600\" data-end=\"1897\"><span style=\"font-size: 16px; font-family: Roboto;\">Ph\u1ea7n c\u00f2n l\u1ea1i c\u1ee7a chuy\u1ebfn \u0111i l\u00e0 t\u00f9y ch\u1ecdn: \u0111i\u1ec3m tham quan, b\u1eefa \u0103n v\u00e0 chi ph\u00ed c\u00e1 nh\u00e2n; ph\u1ea7n n\u00e0y kh\u00f4ng bao g\u1ed3m trong gi\u00e1 tour c\u01a1 b\u1ea3n, cho ph\u00e9p du kh\u00e1ch ch\u1ee7 \u0111\u1ed9ng \u0111i\u1ec1u ch\u1ec9nh h\u00e0nh tr\u00ecnh theo nhu c\u1ea7u v\u00e0 ng\u00e2n s\u00e1ch c\u1ee7a m\u00ecnh. M\u1ed9t s\u1ed1 kho\u1ea3n ph\u00ed d\u1ecbch v\u1ee5 v\u00e0 ti\u1ec1n tip c\u00f3 th\u1ec3 \u0111\u01b0\u1ee3c \u00e1p d\u1ee5ng theo th\u00f4ng l\u1ec7 ng\u00e0nh v\u00e0 s\u1ebd \u0111\u01b0\u1ee3c th\u00f4ng b\u00e1o r\u00f5 r\u00e0ng tr\u01b0\u1edbc khi \u0111\u1eb7t tour.<\/span><\/p>\n<p data-start=\"1899\" data-end=\"2197\"><span style=\"font-size: 16px; font-family: Roboto;\">B\u00ean c\u1ea1nh vi\u1ec7c chuy\u00ean t\u1ed5 ch\u1ee9c c\u00e1c h\u00e0nh tr\u00ecnh t\u1ea1i Hoa K\u1ef3, m\u00f4 h\u00ecnh Tour M\u1edf hay Open Tours c\u1ee7a ch\u00fang t\u00f4i c\u00f2n m\u1edf r\u1ed9ng \u0111\u1ebfn c\u00e1c \u0111i\u1ec3m \u0111\u1ebfn nh\u01b0 Canada, Mexico v\u00e0 m\u1ed9t s\u1ed1 qu\u1ed1c gia t\u1ea1i Trung v\u00e0 Nam M\u1ef9. Trong t\u01b0\u01a1ng lai, ch\u00fang t\u00f4i \u0111\u1ecbnh h\u01b0\u1edbng ph\u00e1t tri\u1ec3n th\u00eam c\u00e1c s\u1ea3n ph\u1ea9m du l\u1ecbch t\u1ea1i ch\u00e2u \u00c2u v\u00e0 c\u00e1c khu v\u1ef1c kh\u00e1c tr\u00ean th\u1ebf gi\u1edbi.<\/span><\/p>\n<p data-start=\"1899\" data-end=\"2197\">\n<h1 data-section-id=\"l2md4o\" data-start=\"2199\" data-end=\"2251\"><span style=\"font-size: 21px;\"><strong data-start=\"2203\" data-end=\"2251\"><span style=\"font-family: Roboto;\">Du l\u1ecbch linh ho\u1ea1t, k\u1ebft n\u1ed1i v\u00e0 t\u1ed1i \u01b0u chi ph\u00ed<\/span><\/strong><\/span><\/h1>\n<p data-start=\"2253\" data-end=\"2551\"><span style=\"font-size: 16px; font-family: Roboto;\">C\u00e1c tour gh\u00e9p \u201cseat-in-coach\u201d c\u1ee7a ch\u00fang t\u00f4i quy t\u1ee5 du kh\u00e1ch \u0111\u1ebfn t\u1eeb nhi\u1ec1u n\u1ec1n v\u0103n h\u00f3a kh\u00e1c nhau, t\u1ea1o n\u00ean tr\u1ea3i nghi\u1ec7m du l\u1ecbch chung \u0111\u1ea7y th\u00fa v\u1ecb, \u0111\u1ed3ng th\u1eddi v\u1eabn \u0111\u1ea3m b\u1ea3o t\u00ednh kinh t\u1ebf. Th\u00f4ng qua vi\u1ec7c t\u1ed1i \u01b0u quy m\u00f4 \u0111o\u00e0n, ch\u00fang t\u00f4i gi\u00fap gi\u1ea3m chi ph\u00ed cho t\u1eebng kh\u00e1ch m\u00e0 kh\u00f4ng \u1ea3nh h\u01b0\u1edfng \u0111\u1ebfn ch\u1ea5t l\u01b0\u1ee3ng d\u1ecbch v\u1ee5.<\/span><\/p>\n<p data-start=\"2553\" data-end=\"2720\"><span style=\"font-size: 16px; font-family: Roboto;\">Ch\u00fang t\u00f4i t\u1ef1 h\u00e0o ph\u1ee5c v\u1ee5 du kh\u00e1ch qu\u1ed1c t\u1ebf, \u0111\u1eb7c bi\u1ec7t l\u00e0 c\u1ed9ng \u0111\u1ed3ng ch\u00e2u \u00c1, v\u1edbi h\u1ed7 tr\u1ee3 song ng\u1eef ti\u1ebfng Trung (Quan Tho\u1ea1i) v\u00e0 ti\u1ebfng Anh, c\u00f9ng nhi\u1ec1u l\u1ecbch kh\u1edfi h\u00e0nh m\u1ed7i tu\u1ea7n.<\/span><\/p>\n<p data-start=\"2722\" data-end=\"2912\"><span style=\"font-size: 16px; font-family: Roboto;\">\u0110\u1ed1i v\u1edbi nh\u1eefng kh\u00e1ch h\u00e0ng mong mu\u1ed1n tr\u1ea3i nghi\u1ec7m c\u00e1 nh\u00e2n h\u00f3a, ch\u00fang t\u00f4i cung c\u1ea5p c\u00e1c tour ri\u00eang v\u00e0 thi\u1ebft k\u1ebf theo y\u00eau c\u1ea7u v\u1edbi l\u1ecbch tr\u00ecnh linh ho\u1ea1t, d\u1ecbch v\u1ee5 cao c\u1ea5p v\u00e0 \u0111a d\u1ea1ng l\u1ef1a ch\u1ecdn ng\u00f4n ng\u1eef.<\/span><\/p>\n<p data-start=\"2914\" data-end=\"3182\"><span style=\"font-size: 16px; font-family: Roboto;\">H\u1ec7 th\u1ed1ng kh\u00e1ch s\u1ea1n \u0111\u01b0\u1ee3c l\u1ef1a ch\u1ecdn c\u1ea9n th\u1eadn nh\u1eb1m c\u00e2n b\u1eb1ng gi\u1eefa s\u1ef1 tho\u1ea3i m\u00e1i, an to\u00e0n v\u00e0 chi ph\u00ed h\u1ee3p l\u00fd. Trong m\u1ed9t s\u1ed1 tr\u01b0\u1eddng h\u1ee3p, kh\u00e1ch s\u1ea1n c\u00f3 th\u1ec3 n\u1eb1m ngo\u00e0i khu v\u1ef1c trung t\u00e2m th\u00e0nh ph\u1ed1 \u0111\u1ec3 mang l\u1ea1i m\u1ee9c gi\u00e1 c\u1ea1nh tranh h\u01a1n, \u0111\u1ed3ng th\u1eddi v\u1eabn \u0111\u1ea3m b\u1ea3o k\u1ef3 ngh\u1ec9 d\u1ec5 ch\u1ecbu v\u00e0 th\u01b0 gi\u00e3n.<\/span><\/p>\n<p data-start=\"2914\" data-end=\"3182\">\n<h3 data-section-id=\"1ip2u10\" data-start=\"3184\" data-end=\"3222\"><span style=\"font-size: 21px;\"><strong data-start=\"3188\" data-end=\"3222\"><span style=\"font-family: Roboto;\">M\u1ed9t h\u00e0nh tr\u00ecnh \u0111\u00e1ng \u0111\u1ec3 s\u1ebb chia<\/span><\/strong><\/span><\/h3>\n<p data-start=\"3224\" data-end=\"3469\"><span style=\"font-size: 16px; font-family: Roboto;\">Vi\u1ec7c tham gia tour theo \u0111o\u00e0n c\u00f3 th\u1ec3 mang l\u1ea1i c\u1ea3m gi\u00e1c m\u1edbi m\u1ebb ban \u0111\u1ea7u, nh\u01b0ng th\u01b0\u1eddng nhanh ch\u00f3ng tr\u1edf th\u00e0nh m\u1ed9t trong nh\u1eefng ph\u1ea7n \u0111\u00e1ng gi\u00e1 nh\u1ea5t c\u1ee7a chuy\u1ebfn \u0111i. Du kh\u00e1ch d\u1ec5 d\u00e0ng k\u1ebft n\u1ed1i, chia s\u1ebb tr\u1ea3i nghi\u1ec7m v\u00e0 c\u00f9ng nhau t\u1ea1o n\u00ean nh\u1eefng k\u1ef7 ni\u1ec7m \u0111\u00e1ng nh\u1edb.<\/span><\/p>\n<p data-start=\"3471\" data-end=\"3632\"><span style=\"font-size: 16px; font-family: Roboto;\">T\u1ea1i <strong data-start=\"3475\" data-end=\"3493\"><span style=\"font-family: Roboto;\">U.S Open Tours<\/span><\/strong>, ch\u00fang t\u00f4i tin r\u1eb1ng du l\u1ecbch l\u00e0m phong ph\u00fa cu\u1ed9c s\u1ed1ng &#8211; b\u1edfi nh\u1eefng tr\u1ea3i nghi\u1ec7m kh\u00e1ch c\u00f3 \u0111\u01b0\u1ee3c lu\u00f4n gi\u00e1 tr\u1ecb h\u01a1n r\u1ea5t nhi\u1ec1u so v\u1edbi chi ph\u00ed kh\u00e1ch b\u1ecf ra.<\/span><\/p>\n<p>&nbsp;<\/p>\n<div>\n<hr \/>\n<p data-start=\"1997\" data-end=\"2094\">\ud83d\udd25 <strong data-start=\"2000\" data-end=\"2092\">M\u00f4 h\u00ecnh tour gh\u00e9p Open Tours &#8211; Ch\u00eca kh\u00f3a \u0111\u1ec3 b\u1ea1n du l\u1ecbch M\u1ef9 v\u00e0 nhi\u1ec1u \u0111i\u1ec3m \u0111\u1ebfn kh\u00e1c d\u1ec5 d\u00e0ng, ti\u1ebft ki\u1ec7m v\u00e0 tr\u1ecdn v\u1eb9n h\u01a1n bao gi\u1edd h\u1ebft!<\/strong><\/p>\n<p>&nbsp;<\/p>\n<\/div>\n<p>[\/et_pb_text][\/et_pb_column][\/et_pb_row][\/et_pb_section]<\/p>\n","protected":false},"excerpt":{"rendered":"<p><nav aria-label=\"breadcrumbs\" class=\"rank-math-breadcrumb\"><p><span class=\"last\">Home<\/span><\/p><\/nav>&nbsp; T\u1ef1 tin kh\u00e1m ph\u00e1 X\u1ee9 s\u1edf C\u1edd Hoa Hoa K\u1ef3 l\u00e0 m\u1ed9t \u0111i\u1ec3m \u0111\u1ebfn r\u1ed9ng l\u1edbn v\u00e0 \u0111a d\u1ea1ng, mang \u0111\u1ebfn nh\u1eefng tr\u1ea3i nghi\u1ec7m phong ph\u00fa cho m\u1ecdi du kh\u00e1ch. T\u1eeb nh\u1eefng k\u1ef3 quan thi\u00ean nhi\u00ean mang t\u00ednh bi\u1ec3u t\u01b0\u1ee3ng nh\u01b0 Grand Canyon, Yellowstone v\u00e0 V\u01b0\u1eddn Qu\u1ed1c gia Glacier \u0111\u1ebfn c\u00e1c th\u00e0nh ph\u1ed1 n\u1ed5i [&hellip;]<\/p>\n","protected":false},"author":1,"featured_media":0,"parent":0,"menu_order":0,"comment_status":"closed","ping_status":"closed","template":"","meta":{"_et_pb_use_builder":"on","_et_pb_old_content":"","_et_gb_content_width":"","footnotes":""},"class_list":["post-1018","page","type-page","status-publish","hentry"],"acf":[],"rankMath":{"parentDomain":"demo17.mikotech.com.vn","noFollowDomains":[],"noFollowExcludeDomains":[],"noFollowExternalLinks":false,"featuredImageNotice":"The featured image should be at least 200 by 200 pixels to be picked up by Facebook and other social media sites.","pluginReviewed":true,"postSettings":{"linkSuggestions":true,"useFocusKeyword":false},"frontEndScore":false,"postName":"chung-toi","permalinkFormat":"https:\/\/demo17.mikotech.com.vn\/vi\/%pagename%\/","showLockModifiedDate":true,"assessor":{"focusKeywordLink":"https:\/\/demo17.mikotech.com.vn\/wp-admin\/edit.php?focus_keyword=%focus_keyword%&post_type=%post_type%","hasTOCPlugin":false,"primaryTaxonomy":false,"serpData":{"title":"","description":"","focusKeywords":"","pillarContent":false,"canonicalUrl":"","breadcrumbTitle":"","advancedRobots":{"max-snippet":"-1","max-video-preview":"-1","max-image-preview":"large"},"facebookTitle":"","facebookDescription":"","facebookImage":"","facebookImageID":"","facebookHasOverlay":false,"facebookImageOverlay":"","facebookAuthor":"","twitterCardType":"","twitterUseFacebook":true,"twitterTitle":"","twitterDescription":"","twitterImage":"","twitterImageID":"","twitterHasOverlay":false,"twitterImageOverlay":"","twitterPlayerUrl":"","twitterPlayerSize":"","twitterPlayerStream":"","twitterPlayerStreamCtype":"","twitterAppDescription":"","twitterAppIphoneName":"","twitterAppIphoneID":"","twitterAppIphoneUrl":"","twitterAppIpadName":"","twitterAppIpadID":"","twitterAppIpadUrl":"","twitterAppGoogleplayName":"","twitterAppGoogleplayID":"","twitterAppGoogleplayUrl":"","twitterAppCountry":"","robots":{"index":true},"twitterAuthor":"username","primaryTerm":0,"authorName":"admin","titleTemplate":"%title% %sep% %sitename%","descriptionTemplate":"%excerpt%","showScoreFrontend":true,"lockModifiedDate":false},"powerWords":[],"diacritics":{"A":"[\\u0041\\u24B6\\uFF21\\u00C0\\u00C1\\u00C2\\u1EA6\\u1EA4\\u1EAA\\u1EA8\\u00C3\\u0100\\u0102\\u1EB0\\u1EAE\\u1EB4\\u1EB2\\u0226\\u01E0\\u00C4\\u01DE\\u1EA2\\u00C5\\u01FA\\u01CD\\u0200\\u0202\\u1EA0\\u1EAC\\u1EB6\\u1E00\\u0104\\u023A\\u2C6F]","AA":"[\\uA732]","AE":"[\\u00C6\\u01FC\\u01E2]","AO":"[\\uA734]","AU":"[\\uA736]","AV":"[\\uA738\\uA73A]","AY":"[\\uA73C]","B":"[\\u0042\\u24B7\\uFF22\\u1E02\\u1E04\\u1E06\\u0243\\u0182\\u0181]","C":"[\\u0043\\u24B8\\uFF23\\u0106\\u0108\\u010A\\u010C\\u00C7\\u1E08\\u0187\\u023B\\uA73E]","D":"[\\u0044\\u24B9\\uFF24\\u1E0A\\u010E\\u1E0C\\u1E10\\u1E12\\u1E0E\\u0110\\u018B\\u018A\\u0189\\uA779]","DZ":"[\\u01F1\\u01C4]","Dz":"[\\u01F2\\u01C5]","E":"[\\u0045\\u24BA\\uFF25\\u00C8\\u00C9\\u00CA\\u1EC0\\u1EBE\\u1EC4\\u1EC2\\u1EBC\\u0112\\u1E14\\u1E16\\u0114\\u0116\\u00CB\\u1EBA\\u011A\\u0204\\u0206\\u1EB8\\u1EC6\\u0228\\u1E1C\\u0118\\u1E18\\u1E1A\\u0190\\u018E]","F":"[\\u0046\\u24BB\\uFF26\\u1E1E\\u0191\\uA77B]","G":"[\\u0047\\u24BC\\uFF27\\u01F4\\u011C\\u1E20\\u011E\\u0120\\u01E6\\u0122\\u01E4\\u0193\\uA7A0\\uA77D\\uA77E]","H":"[\\u0048\\u24BD\\uFF28\\u0124\\u1E22\\u1E26\\u021E\\u1E24\\u1E28\\u1E2A\\u0126\\u2C67\\u2C75\\uA78D]","I":"[\\u0049\\u24BE\\uFF29\\u00CC\\u00CD\\u00CE\\u0128\\u012A\\u012C\\u0130\\u00CF\\u1E2E\\u1EC8\\u01CF\\u0208\\u020A\\u1ECA\\u012E\\u1E2C\\u0197]","J":"[\\u004A\\u24BF\\uFF2A\\u0134\\u0248]","K":"[\\u004B\\u24C0\\uFF2B\\u1E30\\u01E8\\u1E32\\u0136\\u1E34\\u0198\\u2C69\\uA740\\uA742\\uA744\\uA7A2]","L":"[\\u004C\\u24C1\\uFF2C\\u013F\\u0139\\u013D\\u1E36\\u1E38\\u013B\\u1E3C\\u1E3A\\u0141\\u023D\\u2C62\\u2C60\\uA748\\uA746\\uA780]","LJ":"[\\u01C7]","Lj":"[\\u01C8]","M":"[\\u004D\\u24C2\\uFF2D\\u1E3E\\u1E40\\u1E42\\u2C6E\\u019C]","N":"[\\u004E\\u24C3\\uFF2E\\u01F8\\u0143\\u00D1\\u1E44\\u0147\\u1E46\\u0145\\u1E4A\\u1E48\\u0220\\u019D\\uA790\\uA7A4]","NJ":"[\\u01CA]","Nj":"[\\u01CB]","O":"[\\u004F\\u24C4\\uFF2F\\u00D2\\u00D3\\u00D4\\u1ED2\\u1ED0\\u1ED6\\u1ED4\\u00D5\\u1E4C\\u022C\\u1E4E\\u014C\\u1E50\\u1E52\\u014E\\u022E\\u0230\\u00D6\\u022A\\u1ECE\\u0150\\u01D1\\u020C\\u020E\\u01A0\\u1EDC\\u1EDA\\u1EE0\\u1EDE\\u1EE2\\u1ECC\\u1ED8\\u01EA\\u01EC\\u00D8\\u01FE\\u0186\\u019F\\uA74A\\uA74C]","OI":"[\\u01A2]","OO":"[\\uA74E]","OU":"[\\u0222]","P":"[\\u0050\\u24C5\\uFF30\\u1E54\\u1E56\\u01A4\\u2C63\\uA750\\uA752\\uA754]","Q":"[\\u0051\\u24C6\\uFF31\\uA756\\uA758\\u024A]","R":"[\\u0052\\u24C7\\uFF32\\u0154\\u1E58\\u0158\\u0210\\u0212\\u1E5A\\u1E5C\\u0156\\u1E5E\\u024C\\u2C64\\uA75A\\uA7A6\\uA782]","S":"[\\u0053\\u24C8\\uFF33\\u1E9E\\u015A\\u1E64\\u015C\\u1E60\\u0160\\u1E66\\u1E62\\u1E68\\u0218\\u015E\\u2C7E\\uA7A8\\uA784]","T":"[\\u0054\\u24C9\\uFF34\\u1E6A\\u0164\\u1E6C\\u021A\\u0162\\u1E70\\u1E6E\\u0166\\u01AC\\u01AE\\u023E\\uA786]","TZ":"[\\uA728]","U":"[\\u0055\\u24CA\\uFF35\\u00D9\\u00DA\\u00DB\\u0168\\u1E78\\u016A\\u1E7A\\u016C\\u00DC\\u01DB\\u01D7\\u01D5\\u01D9\\u1EE6\\u016E\\u0170\\u01D3\\u0214\\u0216\\u01AF\\u1EEA\\u1EE8\\u1EEE\\u1EEC\\u1EF0\\u1EE4\\u1E72\\u0172\\u1E76\\u1E74\\u0244]","V":"[\\u0056\\u24CB\\uFF36\\u1E7C\\u1E7E\\u01B2\\uA75E\\u0245]","VY":"[\\uA760]","W":"[\\u0057\\u24CC\\uFF37\\u1E80\\u1E82\\u0174\\u1E86\\u1E84\\u1E88\\u2C72]","X":"[\\u0058\\u24CD\\uFF38\\u1E8A\\u1E8C]","Y":"[\\u0059\\u24CE\\uFF39\\u1EF2\\u00DD\\u0176\\u1EF8\\u0232\\u1E8E\\u0178\\u1EF6\\u1EF4\\u01B3\\u024E\\u1EFE]","Z":"[\\u005A\\u24CF\\uFF3A\\u0179\\u1E90\\u017B\\u017D\\u1E92\\u1E94\\u01B5\\u0224\\u2C7F\\u2C6B\\uA762]","a":"[\\u0061\\u24D0\\uFF41\\u1E9A\\u00E0\\u00E1\\u00E2\\u1EA7\\u1EA5\\u1EAB\\u1EA9\\u00E3\\u0101\\u0103\\u1EB1\\u1EAF\\u1EB5\\u1EB3\\u0227\\u01E1\\u00E4\\u01DF\\u1EA3\\u00E5\\u01FB\\u01CE\\u0201\\u0203\\u1EA1\\u1EAD\\u1EB7\\u1E01\\u0105\\u2C65\\u0250]","aa":"[\\uA733]","ae":"[\\u00E6\\u01FD\\u01E3]","ao":"[\\uA735]","au":"[\\uA737]","av":"[\\uA739\\uA73B]","ay":"[\\uA73D]","b":"[\\u0062\\u24D1\\uFF42\\u1E03\\u1E05\\u1E07\\u0180\\u0183\\u0253]","c":"[\\u0063\\u24D2\\uFF43\\u0107\\u0109\\u010B\\u010D\\u00E7\\u1E09\\u0188\\u023C\\uA73F\\u2184]","d":"[\\u0064\\u24D3\\uFF44\\u1E0B\\u010F\\u1E0D\\u1E11\\u1E13\\u1E0F\\u0111\\u018C\\u0256\\u0257\\uA77A]","dz":"[\\u01F3\\u01C6]","e":"[\\u0065\\u24D4\\uFF45\\u00E8\\u00E9\\u00EA\\u1EC1\\u1EBF\\u1EC5\\u1EC3\\u1EBD\\u0113\\u1E15\\u1E17\\u0115\\u0117\\u00EB\\u1EBB\\u011B\\u0205\\u0207\\u1EB9\\u1EC7\\u0229\\u1E1D\\u0119\\u1E19\\u1E1B\\u0247\\u025B\\u01DD]","f":"[\\u0066\\u24D5\\uFF46\\u1E1F\\u0192\\uA77C]","g":"[\\u0067\\u24D6\\uFF47\\u01F5\\u011D\\u1E21\\u011F\\u0121\\u01E7\\u0123\\u01E5\\u0260\\uA7A1\\u1D79\\uA77F]","h":"[\\u0068\\u24D7\\uFF48\\u0125\\u1E23\\u1E27\\u021F\\u1E25\\u1E29\\u1E2B\\u1E96\\u0127\\u2C68\\u2C76\\u0265]","hv":"[\\u0195]","i":"[\\u0069\\u24D8\\uFF49\\u00EC\\u00ED\\u00EE\\u0129\\u012B\\u012D\\u00EF\\u1E2F\\u1EC9\\u01D0\\u0209\\u020B\\u1ECB\\u012F\\u1E2D\\u0268\\u0131]","j":"[\\u006A\\u24D9\\uFF4A\\u0135\\u01F0\\u0249]","k":"[\\u006B\\u24DA\\uFF4B\\u1E31\\u01E9\\u1E33\\u0137\\u1E35\\u0199\\u2C6A\\uA741\\uA743\\uA745\\uA7A3]","l":"[\\u006C\\u24DB\\uFF4C\\u0140\\u013A\\u013E\\u1E37\\u1E39\\u013C\\u1E3D\\u1E3B\\u017F\\u0142\\u019A\\u026B\\u2C61\\uA749\\uA781\\uA747]","lj":"[\\u01C9]","m":"[\\u006D\\u24DC\\uFF4D\\u1E3F\\u1E41\\u1E43\\u0271\\u026F]","n":"[\\u006E\\u24DD\\uFF4E\\u01F9\\u0144\\u00F1\\u1E45\\u0148\\u1E47\\u0146\\u1E4B\\u1E49\\u019E\\u0272\\u0149\\uA791\\uA7A5]","nj":"[\\u01CC]","o":"[\\u006F\\u24DE\\uFF4F\\u00F2\\u00F3\\u00F4\\u1ED3\\u1ED1\\u1ED7\\u1ED5\\u00F5\\u1E4D\\u022D\\u1E4F\\u014D\\u1E51\\u1E53\\u014F\\u022F\\u0231\\u00F6\\u022B\\u1ECF\\u0151\\u01D2\\u020D\\u020F\\u01A1\\u1EDD\\u1EDB\\u1EE1\\u1EDF\\u1EE3\\u1ECD\\u1ED9\\u01EB\\u01ED\\u00F8\\u01FF\\u0254\\uA74B\\uA74D\\u0275]","oi":"[\\u01A3]","ou":"[\\u0223]","oo":"[\\uA74F]","p":"[\\u0070\\u24DF\\uFF50\\u1E55\\u1E57\\u01A5\\u1D7D\\uA751\\uA753\\uA755]","q":"[\\u0071\\u24E0\\uFF51\\u024B\\uA757\\uA759]","r":"[\\u0072\\u24E1\\uFF52\\u0155\\u1E59\\u0159\\u0211\\u0213\\u1E5B\\u1E5D\\u0157\\u1E5F\\u024D\\u027D\\uA75B\\uA7A7\\uA783]","s":"[\\u0073\\u24E2\\uFF53\\u015B\\u1E65\\u015D\\u1E61\\u0161\\u1E67\\u1E63\\u1E69\\u0219\\u015F\\u023F\\uA7A9\\uA785\\u1E9B]","ss":"[\\u00DF]","t":"[\\u0074\\u24E3\\uFF54\\u1E6B\\u1E97\\u0165\\u1E6D\\u021B\\u0163\\u1E71\\u1E6F\\u0167\\u01AD\\u0288\\u2C66\\uA787]","tz":"[\\uA729]","u":"[\\u0075\\u24E4\\uFF55\\u00F9\\u00FA\\u00FB\\u0169\\u1E79\\u016B\\u1E7B\\u016D\\u00FC\\u01DC\\u01D8\\u01D6\\u01DA\\u1EE7\\u016F\\u0171\\u01D4\\u0215\\u0217\\u01B0\\u1EEB\\u1EE9\\u1EEF\\u1EED\\u1EF1\\u1EE5\\u1E73\\u0173\\u1E77\\u1E75\\u0289]","v":"[\\u0076\\u24E5\\uFF56\\u1E7D\\u1E7F\\u028B\\uA75F\\u028C]","vy":"[\\uA761]","w":"[\\u0077\\u24E6\\uFF57\\u1E81\\u1E83\\u0175\\u1E87\\u1E85\\u1E98\\u1E89\\u2C73]","x":"[\\u0078\\u24E7\\uFF58\\u1E8B\\u1E8D]","y":"[\\u0079\\u24E8\\uFF59\\u1EF3\\u00FD\\u0177\\u1EF9\\u0233\\u1E8F\\u00FF\\u1EF7\\u1E99\\u1EF5\\u01B4\\u024F\\u1EFF]","z":"[\\u007A\\u24E9\\uFF5A\\u017A\\u1E91\\u017C\\u017E\\u1E93\\u1E95\\u01B6\\u0225\\u0240\\u2C6C\\uA763]"},"researchesTests":["contentHasTOC","contentHasShortParagraphs","contentHasAssets","keywordInTitle","keywordInMetaDescription","keywordInPermalink","keywordIn10Percent","keywordInContent","keywordInSubheadings","keywordInImageAlt","keywordDensity","keywordNotUsed","lengthContent","lengthPermalink","linksHasInternal","linksHasExternals","linksNotAllExternals","titleStartWithKeyword","titleSentiment","titleHasPowerWords","titleHasNumber","hasContentAI"],"hasRedirection":false,"hasBreadcrumb":true},"homeUrl":"https:\/\/demo17.mikotech.com.vn\/vi\/","objectID":1018,"objectType":"post","locale":"vi","localeFull":"vi_VN","overlayImages":{"play":{"name":"Play icon","url":"https:\/\/demo17.mikotech.com.vn\/wp-content\/plugins\/seo-by-rank-math\/assets\/admin\/img\/icon-play.png","path":"\/home\/demo17\/domains\/demo17.mikotech.com.vn\/public_html\/wp-content\/plugins\/seo-by-rank-math\/assets\/admin\/img\/icon-play.png","position":"middle_center"},"gif":{"name":"GIF icon","url":"https:\/\/demo17.mikotech.com.vn\/wp-content\/plugins\/seo-by-rank-math\/assets\/admin\/img\/icon-gif.png","path":"\/home\/demo17\/domains\/demo17.mikotech.com.vn\/public_html\/wp-content\/plugins\/seo-by-rank-math\/assets\/admin\/img\/icon-gif.png","position":"middle_center"}},"defautOgImage":"https:\/\/demo17.mikotech.com.vn\/wp-content\/plugins\/seo-by-rank-math\/assets\/admin\/img\/social-placeholder.jpg","customPermalinks":true,"isUserRegistered":false,"autoSuggestKeywords":false,"connectSiteUrl":"https:\/\/rankmath.com\/auth?site=https%3A%2F%2Fdemo17.mikotech.com.vn%2Fvi%2F&r=https%3A%2F%2Fdemo17.mikotech.com.vn%2Fvi%2Fwp-json%2Fwp%2Fv2%2Fpages%2F1018%3Fnonce%3Debe0435e5f","maxTags":5,"trendsIcon":"<svg viewBox=\"0 0 610 610\"><path d=\"M18.85,446,174.32,290.48l58.08,58.08L76.93,504a14.54,14.54,0,0,1-20.55,0L18.83,466.48a14.54,14.54,0,0,1,0-20.55Z\" style=\"fill:#4285f4\"\/><path d=\"M242.65,242.66,377.59,377.6l-47.75,47.75a14.54,14.54,0,0,1-20.55,0L174.37,290.43l47.75-47.75A14.52,14.52,0,0,1,242.65,242.66Z\" style=\"fill:#ea4335\"\/><polygon points=\"319.53 319.53 479.26 159.8 537.34 217.88 377.61 377.62 319.53 319.53\" style=\"fill:#fabb05\"\/><path d=\"M594.26,262.73V118.61h0a16.94,16.94,0,0,0-16.94-16.94H433.2a16.94,16.94,0,0,0-12,28.92L565.34,274.71h0a16.94,16.94,0,0,0,28.92-12Z\" style=\"fill:#34a853\"\/><rect width=\"610\" height=\"610\" style=\"fill:none\"\/><\/svg>","showScore":true,"siteFavIcon":"data:image\/png;base64,iVBORw0KGgoAAAANSUhEUgAAABAAAAAQCAYAAAAf8\/9hAAABs0lEQVR4AWL4\/\/8\/RRjO8Iucx+noO0MWUDo16FYABMGP6ZfUcRnWtm27jVPbtm3bttuH2t3eFPcY9pLz7NxiLjCyVd87pKnHyqXyxtCs8APd0rnyxiu4qSeA3QEDrAwBDrT1s1Rc\/OrjLZwqVmOSu6+Lamcpp2KKMA9PH1BYXMe1mUP5qotvXTywsOEEYHXxrY+3cqk6TMkYpNr2FeoY3KIr0RPtn9wQ2unlA+GMkRw6+9TFw4YTwDUzx\/JVvARj9KaedXRO8P5B1Du2S32smzqUrcKGEyA+uAgQjKX7zf0boWHGfn71jIKj2689gxp7OAGShNcBUmLMPVjZuiKcA2vuWHHDCQxMCz629kXAIU4ApY15QwggAFbfOP9DhgBJ+nWVJ1AZAfICAj1pAlY6hCADZnveQf7bQIwzVONGJonhLIlS9gr5mFg44Xd+4S3XHoGNPdJl1INIwKyEgHckEhgTe1bGiFY9GSFBYUwLh1IkiJUbY407E7syBSFxKTszEoiE\/YdrgCEayDmtaJwCI9uu8TKMuZSVfSa4BpGgzvomBR\/INhLGzrqDotp01ZR8pn\/1L0JN9d9XNyx0AAAAAElFTkSuQmCC","canUser":{"general":false,"advanced":false,"snippet":false,"social":false,"analysis":false,"analytics":false,"content_ai":false},"showKeywordIntent":true,"isPro":false,"is_front_page":false,"trendsUpgradeLink":"https:\/\/rankmath.com\/pricing\/?utm_source=Plugin&utm_medium=CE%20General%20Tab%20Trends&utm_campaign=WP","trendsUpgradeLabel":"Upgrade","trendsPreviewImage":"https:\/\/demo17.mikotech.com.vn\/wp-content\/plugins\/seo-by-rank-math\/assets\/admin\/img\/trends-preview.jpg","currentEditor":false,"homepageData":{"assessor":{"powerWords":[],"diacritics":true,"researchesTests":["contentHasTOC","contentHasShortParagraphs","contentHasAssets","keywordInTitle","keywordInMetaDescription","keywordInPermalink","keywordIn10Percent","keywordInContent","keywordInSubheadings","keywordInImageAlt","keywordDensity","keywordNotUsed","lengthContent","lengthPermalink","linksHasInternal","linksHasExternals","linksNotAllExternals","titleStartWithKeyword","titleSentiment","titleHasPowerWords","titleHasNumber","hasContentAI"],"hasBreadcrumb":true,"serpData":{"title":"%sitename% %page% %sep% %sitedesc%","description":"","titleTemplate":"%sitename% %page% %sep% %sitedesc%","descriptionTemplate":"","focusKeywords":"","breadcrumbTitle":"Home","robots":{"index":true},"advancedRobots":{"max-snippet":"-1","max-video-preview":"-1","max-image-preview":"large"},"facebookTitle":"","facebookDescription":"","facebookImage":"","facebookImageID":""}}},"tocTitle":"Table of Contents","tocExcludeHeadings":[],"listStyle":"ul"},"_links":{"self":[{"href":"https:\/\/demo17.mikotech.com.vn\/vi\/wp-json\/wp\/v2\/pages\/1018","targetHints":{"allow":["GET"]}}],"collection":[{"href":"https:\/\/demo17.mikotech.com.vn\/vi\/wp-json\/wp\/v2\/pages"}],"about":[{"href":"https:\/\/demo17.mikotech.com.vn\/vi\/wp-json\/wp\/v2\/types\/page"}],"author":[{"embeddable":true,"href":"https:\/\/demo17.mikotech.com.vn\/vi\/wp-json\/wp\/v2\/users\/1"}],"replies":[{"embeddable":true,"href":"https:\/\/demo17.mikotech.com.vn\/vi\/wp-json\/wp\/v2\/comments?post=1018"}],"version-history":[{"count":16,"href":"https:\/\/demo17.mikotech.com.vn\/vi\/wp-json\/wp\/v2\/pages\/1018\/revisions"}],"predecessor-version":[{"id":2113,"href":"https:\/\/demo17.mikotech.com.vn\/vi\/wp-json\/wp\/v2\/pages\/1018\/revisions\/2113"}],"wp:attachment":[{"href":"https:\/\/demo17.mikotech.com.vn\/vi\/wp-json\/wp\/v2\/media?parent=1018"}],"curies":[{"name":"wp","href":"https:\/\/api.w.org\/{rel}","templated":true}]}}