{"id":1167,"date":"2025-06-30T08:00:49","date_gmt":"2025-06-30T08:00:49","guid":{"rendered":"https:\/\/demo17.mikotech.com.vn\/?post_type=product&#038;p=1167"},"modified":"2025-09-09T15:59:18","modified_gmt":"2025-09-09T08:59:18","slug":"kham-pha-bo-dong-hoa-ky-new-york-philadelphia-washington-d-c","status":"publish","type":"product","link":"https:\/\/demo17.mikotech.com.vn\/vi\/product\/kham-pha-bo-dong-hoa-ky-new-york-philadelphia-washington-d-c\/","title":{"rendered":"Kh\u00e1m ph\u00e1 B\u1edd \u0110\u00f4ng Hoa K\u1ef3: New York \u2013 Philadelphia \u2013 Washington D.C."},"content":{"rendered":"<p>[et_pb_section fb_built=&#8221;1&#8243; _builder_version=&#8221;4.27.4&#8243; _module_preset=&#8221;default&#8221; global_colors_info=&#8221;{}&#8221;][\/et_pb_section]<\/p>\n","protected":false},"excerpt":{"rendered":"<p>Tr\u1ea3i nghi\u1ec7m h\u00e0nh tr\u00ecnh kh\u00e1m ph\u00e1 c\u00e1c th\u00e0nh ph\u1ed1 bi\u1ec3u t\u01b0\u1ee3ng c\u1ee7a B\u1edd \u0110\u00f4ng n\u01b0\u1edbc M\u1ef9 v\u1edbi l\u1ecbch tr\u00ecnh \u1ea5n t\u01b0\u1ee3ng, d\u1ecbch v\u1ee5 cao c\u1ea5p v\u00e0 h\u01b0\u1edbng d\u1eabn vi\u00ean chuy\u00ean nghi\u1ec7p. Tour ph\u00f9 h\u1ee3p cho c\u1ea3 gia \u0111\u00ecnh v\u00e0 nh\u00f3m b\u1ea1n y\u00eau th\u00edch l\u1ecbch s\u1eed, ki\u1ebfn tr\u00fac v\u00e0 nh\u1ecbp s\u1ed1ng hi\u1ec7n \u0111\u1ea1i.<\/p>\n","protected":false},"featured_media":976,"comment_status":"open","ping_status":"closed","template":"","meta":{"_et_pb_use_builder":"on","_et_pb_old_content":"","_et_gb_content_width":""},"product_brand":[],"product_cat":[56],"product_tag":[],"class_list":{"0":"post-1167","1":"product","2":"type-product","3":"status-publish","4":"has-post-thumbnail","6":"product_cat-bo-dong-my","8":"first","9":"instock","10":"sale","11":"taxable","12":"shipping-taxable","13":"purchasable","14":"product-type-simple"},"acf":[],"_links":{"self":[{"href":"https:\/\/demo17.mikotech.com.vn\/vi\/wp-json\/wp\/v2\/product\/1167","targetHints":{"allow":["GET"]}}],"collection":[{"href":"https:\/\/demo17.mikotech.com.vn\/vi\/wp-json\/wp\/v2\/product"}],"about":[{"href":"https:\/\/demo17.mikotech.com.vn\/vi\/wp-json\/wp\/v2\/types\/product"}],"replies":[{"embeddable":true,"href":"https:\/\/demo17.mikotech.com.vn\/vi\/wp-json\/wp\/v2\/comments?post=1167"}],"wp:featuredmedia":[{"embeddable":true,"href":"https:\/\/demo17.mikotech.com.vn\/vi\/wp-json\/wp\/v2\/media\/976"}],"wp:attachment":[{"href":"https:\/\/demo17.mikotech.com.vn\/vi\/wp-json\/wp\/v2\/media?parent=1167"}],"wp:term":[{"taxonomy":"product_brand","embeddable":true,"href":"https:\/\/demo17.mikotech.com.vn\/vi\/wp-json\/wp\/v2\/product_brand?post=1167"},{"taxonomy":"product_cat","embeddable":true,"href":"https:\/\/demo17.mikotech.com.vn\/vi\/wp-json\/wp\/v2\/product_cat?post=1167"},{"taxonomy":"product_tag","embeddable":true,"href":"https:\/\/demo17.mikotech.com.vn\/vi\/wp-json\/wp\/v2\/product_tag?post=1167"}],"curies":[{"name":"wp","href":"https:\/\/api.w.org\/{rel}","templated":true}]}}