{"id":1173,"date":"2025-06-16T08:10:27","date_gmt":"2025-06-16T01:10:27","guid":{"rendered":"https:\/\/demo17.mikotech.com.vn\/?post_type=product&#038;p=1173"},"modified":"2025-11-01T07:12:45","modified_gmt":"2025-11-01T00:12:45","slug":"du-lich-my-he-bo-tay-hoa-ky-los-angeles-copy","status":"publish","type":"product","link":"https:\/\/demo17.mikotech.com.vn\/vi\/product\/du-lich-my-he-bo-tay-hoa-ky-los-angeles-copy\/","title":{"rendered":"B\u1edc \u0110\u00d4NG M\u1ef8: New York &#8211; Philadelphia &#8211; Washington D.C (*)"},"content":{"rendered":"<p>[et_pb_section fb_built=&#8221;1&#8243; _builder_version=&#8221;4.27.4&#8243; _module_preset=&#8221;default&#8221; global_colors_info=&#8221;{}&#8221;][\/et_pb_section]<\/p>\n","protected":false},"excerpt":{"rendered":"<p>&nbsp;<\/p>\n<p>Ch\u00fang t\u00f4i bi\u1ebft b\u1ea1n y\u00eau th\u00edch du l\u1ecbch \u0111\u1ebfn m\u1ee9c n\u00e0o, v\u00e0 chuy\u1ebfn \u0111i n\u00e0y k\u1ebft h\u1ee3p gi\u1eefa l\u1ecbch s\u1eed, v\u0103n ho\u00e1 v\u00e0 phi\u00eau l\u01b0u theo c\u00e1ch ho\u00e0n h\u1ea3o d\u00e0nh cho b\u1ea1n v\u00e0 nhi\u1ec1u ng\u01b0\u1eddi kh\u00e1c. \u0110\u00e2y l\u00e0 l\u00fd do ch\u00fang t\u00f4i ngh\u0129 b\u1ea1n n\u00ean tham gia:<\/p>\n<p><strong>Tr\u1ea3i nghi\u1ec7m \u0111\u1ee7 v\u1ecb:<\/strong> H\u00e0nh tr\u00ecnh s\u1ebd b\u1eaft \u0111\u1ea7u \u1edf Flushing, m\u1ed9t trung t\u00e2m s\u00f4i \u0111\u1ed9ng c\u1ee7a v\u0103n ho\u00e1 Trung Hoa t\u1ea1i New York. \u1ede \u0111\u00e2y c\u00f3 nh\u1eefng m\u00f3n \u0103n tuy\u1ec7t v\u1eddi v\u00e0 c\u1eeda h\u00e0ng nh\u1ed9n nh\u1ecbp, \u0111\u1ec3 ch\u00fang ta c\u00f3 th\u1ec3 kh\u00e1m ph\u00e1 m\u1ed9t khu ph\u1ed1 v\u1eeba m\u1edbi m\u1ebb v\u1eeba quen thu\u1ed9c. \u0110\u00e2y l\u00e0 c\u00e1ch kh\u1edfi \u0111\u1ea7u ho\u00e0n h\u1ea3o cho chuy\u1ebfn \u0111i New York tr\u01b0\u1edbc khi b\u01b0\u1edbc v\u00e0o nh\u1eefng \u0111\u1ecba \u0111i\u1ec3m n\u1ed5i ti\u1ebfng ch\u00ednh.<\/p>\n<p><strong>Tr\u00e1i tim t\u00e0i ch\u00ednh c\u1ee7a \u201cQu\u1ea3 T\u00e1o L\u1edbn\u201d:<\/strong> H\u00e3y t\u01b0\u1edfng t\u01b0\u1ee3ng \u0111\u01b0\u1ee3c d\u1ea1o b\u01b0\u1edbc tr\u00ean Wall Street, ng\u1eafm t\u01b0\u1ee3ng B\u00f2 T\u00f3t Charging Bull, v\u00e0 c\u1ea3m nh\u1eadn s\u1ee9c s\u1ed1ng \u1edf Qu\u1ea3ng tr\u01b0\u1eddng Th\u1eddi \u0110\u1ea1i. Chuy\u1ebfn \u0111i n\u00e0y s\u1ebd \u0111\u01b0a ch\u00fang ta \u0111\u1ebfn ngay trung t\u00e2m t\u00e0i ch\u00ednh c\u1ee7a th\u1ebf gi\u1edbi, n\u01a1i ta c\u00f3 th\u1ec3 t\u1eadn m\u1eaft th\u1ea5y nh\u1eefng c\u00f4ng tr\u00ecnh bi\u1ec3u t\u01b0\u1ee3ng v\u00e0 kh\u00e1m ph\u00e1 c\u00e2u chuy\u1ec7n ph\u00eda sau ch\u00fang.<\/p>\n<p><strong>Bi\u1ec3u t\u01b0\u1ee3ng &amp; Huy\u1ec1n tho\u1ea1i:<\/strong> Ch\u00fang ta s\u1ebd gh\u00e9 th\u0103m m\u1ed9t s\u1ed1 \u0111\u1ecba danh n\u1ed5i ti\u1ebfng nh\u1ea5t n\u01b0\u1edbc M\u1ef9. T\u1eeb \u0111\u1ec9nh th\u00e1p One World Observatory, ta s\u1ebd c\u00f3 t\u1ea7m nh\u00ecn to\u00e0n c\u1ea3nh th\u00e0nh ph\u1ed1, v\u00e0 ti\u1ebfp \u0111\u00f3 l\u00e0 chuy\u1ebfn du thuy\u1ec1n \u0111\u1ebfn T\u01b0\u1ee3ng N\u1eef Th\u1ea7n T\u1ef1 Do \u2013 bi\u1ec3u t\u01b0\u1ee3ng c\u1ee7a t\u1ef1 do v\u00e0 hy v\u1ecdng.<\/p>\n<p><strong>H\u00e0nh tr\u00ecnh xuy\u00ean l\u1ecbch s\u1eed:<\/strong> Ch\u00fang ta c\u00f3 th\u1ec3 d\u1ea1o b\u01b0\u1edbc tr\u00ean nh\u1eefng con ph\u1ed1 Philadelphia \u2013 n\u01a1i khai sinh m\u1ed9t qu\u1ed1c gia, ch\u1ee9ng ki\u1ebfn n\u01a1i H\u1ee3p ch\u1ee7ng qu\u1ed1c Hoa K\u1ef3 ra \u0111\u1eddi. Sau \u0111\u00f3, \u0111o\u00e0n s\u1ebd \u0111\u1ebfn Washington D.C. \u0111\u1ec3 tham quan Nh\u00e0 Tr\u1eafng, \u0110i\u1ec7n Capitol v\u00e0 T\u00f2a \u00e1n T\u1ed1i cao. \u0110\u00e2y l\u00e0 c\u01a1 h\u1ed9i \u0111\u1ec3 t\u1eadn m\u1eaft chi\u00eam ng\u01b0\u1ee1ng trung t\u00e2m c\u1ee7a n\u1ec1n d\u00e2n ch\u1ee7 M\u1ef9.<\/p>\n<p>\u0110\u00e2y kh\u00f4ng ch\u1ec9 l\u00e0 m\u1ed9t k\u1ef3 ngh\u1ec9; m\u00e0 l\u00e0 m\u1ed9t chuy\u1ebfn phi\u00eau l\u01b0u ch\u00fang ta c\u00f3 th\u1ec3 c\u00f9ng nhau tr\u1ea3i nghi\u1ec7m. H\u00e3y cho ch\u00fang t\u00f4i bi\u1ebft \u00fd ki\u1ebfn c\u1ee7a b\u1ea1n \u2013 ch\u00fang t\u00f4i th\u1ef1c s\u1ef1 r\u1ea5t h\u00e1o h\u1ee9c tr\u01b0\u1edbc vi\u1ec5n c\u1ea3nh \u0111\u01b0\u1ee3c c\u00f9ng nhau \u0111i chuy\u1ebfn n\u00e0y!<\/p>\n","protected":false},"featured_media":1642,"comment_status":"open","ping_status":"closed","template":"","meta":{"_et_pb_use_builder":"on","_et_pb_old_content":"<p data-start=\"121\" data-end=\"575\"><strong data-start=\"121\" data-end=\"165\">Trung t\u00e2m v\u0103n h\u00f3a Hoa ki\u1ec1u t\u1ea1i Manhattan<\/strong><br data-start=\"165\" data-end=\"168\" \/>B\u1eaft \u0111\u1ea7u h\u00e0nh tr\u00ecnh c\u1ee7a b\u1ea1n v\u1edbi \u0111i\u1ec3m \u0111\u1ebfn t\u00f9y ch\u1ecdn t\u1ea1i s\u00e2n bay JFK ho\u1eb7c LGA, sau \u0111\u00f3 ngh\u1ec9 ng\u01a1i tho\u1ea3i m\u00e1i t\u1ea1i kh\u00e1ch s\u1ea1n \u1edf Flushing. N\u01a1i \u0111\u00e2y l\u00e0 trung t\u00e2m th\u01b0\u01a1ng m\u1ea1i l\u1edbn th\u1ee9 t\u01b0 c\u1ee7a New York, \u0111\u01b0\u1ee3c c\u1ed9ng \u0111\u1ed3ng ng\u01b0\u1eddi Hoa ki\u1ebfn t\u1ea1o su\u1ed1t h\u01a1n ba th\u1eadp k\u1ef7 qua. Ch\u1ec9 c\u00e1ch kh\u00e1ch s\u1ea1n v\u00e0i b\u01b0\u1edbc ch\u00e2n l\u00e0 c\u1ea3 m\u1ed9t thi\u00ean \u0111\u01b0\u1eddng \u1ea9m th\u1ef1c v\u00e0 mua s\u1eafm, n\u01a1i b\u1ea1n c\u00f3 th\u1ec3 v\u1eeba t\u00ecm th\u1ea5y h\u01b0\u01a1ng v\u1ecb qu\u00ea h\u01b0\u01a1ng, v\u1eeba kh\u00e1m ph\u00e1 nh\u1eefng tr\u1ea3i nghi\u1ec7m m\u1edbi m\u1ebb.<\/p>\r\n<p data-start=\"577\" data-end=\"1110\"><strong data-start=\"577\" data-end=\"601\">H\u00e0nh tr\u00ecnh Ph\u1ed3n Vinh<\/strong><br data-start=\"601\" data-end=\"604\" \/>\u0110\u1eafm m\u00ecnh trong tr\u00e1i tim c\u1ee7a th\u1ee7 \u0111\u00f4 t\u00e0i ch\u00ednh th\u1ebf gi\u1edbi. T\u1eeb nh\u1eefng t\u00f2a nh\u00e0 ch\u1ecdc tr\u1eddi n\u00e1o nhi\u1ec7t \u1edf Ph\u1ed1 Wall \u0111\u1ebfn bi\u1ec3u t\u01b0\u1ee3ng T\u01b0\u1ee3ng B\u00f2 Ph\u1ed1 Wall h\u1eebng h\u1ef1c kh\u00ed th\u1ebf, t\u1eebng g\u00f3c ph\u1ed1 n\u01a1i \u0111\u00e2y \u0111\u1ec1u to\u00e1t l\u00ean tinh th\u1ea7n tham v\u1ecdng. D\u1ea1o b\u01b0\u1edbc tr\u00ean nh\u1eefng con \u0111\u01b0\u1eddng l\u1ecbch s\u1eed, l\u1eafng nghe ti\u1ebfng chu\u00f4ng c\u1ee7a Nh\u00e0 th\u1edd Trinity ng\u00e2n vang, hay c\u1ea3m nh\u1eadn kho\u1ea3nh kh\u1eafc ti\u1ebfng chu\u00f4ng khai s\u00e0n NASDAQ m\u1edf ra m\u1ed9t ng\u00e0y giao d\u1ecbch m\u1edbi. \u0110\u00e2y ch\u00ednh l\u00e0 n\u01a1i qu\u00e1 kh\u1ee9 v\u00e0 th\u1ecbnh v\u01b0\u1ee3ng giao h\u00f2a, kh\u1eafc ghi d\u1ea5u \u1ea5n trong t\u1eebng ng\u00f5 ng\u00e1ch c\u1ee7a trung t\u00e2m kinh t\u1ebf to\u00e0n c\u1ea7u.<\/p>\r\n<p data-start=\"1112\" data-end=\"1329\"><strong data-start=\"1112\" data-end=\"1138\">Tr\u1ea3i nghi\u1ec7m Bi\u1ec3u T\u01b0\u1ee3ng<\/strong><br data-start=\"1138\" data-end=\"1141\" \/>Chi\u00eam ng\u01b0\u1ee1ng to\u00e0n c\u1ea3nh Manhattan t\u1eeb \u0111\u00e0i quan s\u00e1t One World Observatory. Sau \u0111\u00f3, l\u00ean thuy\u1ec1n du ngo\u1ea1n \u0111\u1ebfn T\u01b0\u1ee3ng N\u1eef Th\u1ea7n T\u1ef1 Do \u2014 bi\u1ec3u t\u01b0\u1ee3ng b\u1ea5t di\u1ec7t c\u1ee7a t\u1ef1 do v\u00e0 hy v\u1ecdng tr\u00ean to\u00e0n th\u1ebf gi\u1edbi.<\/p>\r\n<p data-start=\"1331\" data-end=\"1504\"><strong data-start=\"1331\" data-end=\"1360\">N\u01a1i Khai Sinh M\u1ed9t D\u00e2n T\u1ed9c<\/strong><br data-start=\"1360\" data-end=\"1363\" \/>H\u00e0nh tr\u00ecnh ng\u01b0\u1ee3c d\u00f2ng l\u1ecbch s\u1eed \u0111\u1ebfn C\u00f4ng vi\u00ean L\u1ecbch s\u1eed Qu\u1ed1c gia \u0110\u1ed9c L\u1eadp, n\u01a1i kh\u1edfi ngu\u1ed3n cu\u1ed9c C\u00e1ch m\u1ea1ng v\u00e0 s\u1ef1 ra \u0111\u1eddi c\u1ee7a H\u1ee3p ch\u1ee7ng qu\u1ed1c Hoa K\u1ef3.<\/p>\r\n<p data-start=\"1506\" data-end=\"1703\"><strong data-start=\"1506\" data-end=\"1531\">Quy\u1ec1n L\u1ef1c &amp; Ch\u00ednh Tr\u1ecb<\/strong><br data-start=\"1531\" data-end=\"1534\" \/>Kh\u00e1m ph\u00e1 trung t\u00e2m d\u00e2n ch\u1ee7 M\u1ef9 qua chuy\u1ebfn tham quan Nh\u00e0 Tr\u1eafng, T\u00f2a nh\u00e0 Qu\u1ed1c h\u1ed9i Hoa K\u1ef3, v\u00e0 T\u00f2a \u00e1n T\u1ed1i cao \u2014 ba bi\u1ec3u t\u01b0\u1ee3ng quy\u1ec1n l\u1ef1c t\u1ed1i th\u01b0\u1ee3ng c\u1ee7a n\u1ec1n ch\u00ednh tr\u1ecb Hoa K\u1ef3.<\/p>","_et_gb_content_width":""},"product_brand":[],"product_cat":[56],"product_tag":[],"class_list":{"0":"post-1173","1":"product","2":"type-product","3":"status-publish","4":"has-post-thumbnail","6":"product_cat-bo-dong-my","8":"first","9":"instock","10":"featured","11":"taxable","12":"shipping-taxable","13":"purchasable","14":"product-type-simple"},"acf":[],"_links":{"self":[{"href":"https:\/\/demo17.mikotech.com.vn\/vi\/wp-json\/wp\/v2\/product\/1173","targetHints":{"allow":["GET"]}}],"collection":[{"href":"https:\/\/demo17.mikotech.com.vn\/vi\/wp-json\/wp\/v2\/product"}],"about":[{"href":"https:\/\/demo17.mikotech.com.vn\/vi\/wp-json\/wp\/v2\/types\/product"}],"replies":[{"embeddable":true,"href":"https:\/\/demo17.mikotech.com.vn\/vi\/wp-json\/wp\/v2\/comments?post=1173"}],"wp:featuredmedia":[{"embeddable":true,"href":"https:\/\/demo17.mikotech.com.vn\/vi\/wp-json\/wp\/v2\/media\/1642"}],"wp:attachment":[{"href":"https:\/\/demo17.mikotech.com.vn\/vi\/wp-json\/wp\/v2\/media?parent=1173"}],"wp:term":[{"taxonomy":"product_brand","embeddable":true,"href":"https:\/\/demo17.mikotech.com.vn\/vi\/wp-json\/wp\/v2\/product_brand?post=1173"},{"taxonomy":"product_cat","embeddable":true,"href":"https:\/\/demo17.mikotech.com.vn\/vi\/wp-json\/wp\/v2\/product_cat?post=1173"},{"taxonomy":"product_tag","embeddable":true,"href":"https:\/\/demo17.mikotech.com.vn\/vi\/wp-json\/wp\/v2\/product_tag?post=1173"}],"curies":[{"name":"wp","href":"https:\/\/api.w.org\/{rel}","templated":true}]}}