{"id":1626,"date":"2025-09-13T19:12:50","date_gmt":"2025-09-13T12:12:50","guid":{"rendered":"https:\/\/demo17.mikotech.com.vn\/?post_type=product&#038;p=1626"},"modified":"2026-03-18T15:04:45","modified_gmt":"2026-03-18T08:04:45","slug":"bo-dong-my-new-york-philadelphia-washington-d-c-thac-niagara-boston","status":"publish","type":"product","link":"https:\/\/demo17.mikotech.com.vn\/vi\/product\/bo-dong-my-new-york-philadelphia-washington-d-c-thac-niagara-boston\/","title":{"rendered":"B\u1edc \u0110\u00d4NG M\u1ef8: [USE101-5D4N] New York &#8211; Philadelphia &#8211; Th\u1ee7 \u0111\u00f4 Washington D.C &#8211; Th\u00e1c Niagara &#8211; Boston (*)"},"content":{"rendered":"<p>[et_pb_section fb_built=&#8221;1&#8243; _builder_version=&#8221;4.27.4&#8243; _module_preset=&#8221;default&#8221; global_colors_info=&#8221;{}&#8221;][\/et_pb_section]<\/p>\n","protected":false},"excerpt":{"rendered":"<p>Kh\u00e1ch \u0111ang t\u00ecm ki\u1ebfm m\u1ed9t chuy\u1ebfn \u0111i tuy\u1ec7t v\u1eddi \u0111\u1ebfn B\u1edd \u0110\u00f4ng? Tour n\u00e0y s\u1ebd \u0111\u01b0a kh\u00e1ch \u0111\u1ebfn t\u1ea5t c\u1ea3 nh\u1eefng \u0111i\u1ec3m \u0111\u1ebfn h\u1ea5p d\u1eabn nh\u1ea5t v\u00e0 ph\u00f9 h\u1ee3p v\u1edbi m\u1ecdi ng\u01b0\u1eddi.\u3010An to\u00e0n l\u00e0 tr\u00ean h\u1ebft\u3011Du l\u1ecbch v\u1edbi xe du l\u1ecbch \u0111\u01b0\u1ee3c kh\u1eed tr\u00f9ng k\u1ef9 l\u01b0\u1ee1ng v\u00e0 h\u01b0\u1edbng d\u1eabn vi\u00ean chuy\u00ean nghi\u1ec7p, \u0111\u01b0\u1ee3c \u0111\u00e0o t\u1ea1o b\u00e0i b\u1ea3n.\u3010Th\u00e0nh ph\u1ed1 New York\u3011Tham quan c\u00e1c \u0111\u1ecba \u0111i\u1ec3m, t\u00f2a nh\u00e0 v\u00e0 c\u00f4ng vi\u00ean mang t\u00ednh bi\u1ec3u t\u01b0\u1ee3ng \u1edf New York, m\u1ed9t trong nh\u1eefng th\u00e0nh ph\u1ed1 danh gi\u00e1 nh\u1ea5t.\u3010Mi\u1ec1n \u0110\u00f4ng Hoa K\u1ef3\u3011Kh\u00e1m ph\u00e1 h\u00e0ng lo\u1ea1t c\u00e1c \u0111\u1ecba danh v\u00e0 \u0111i\u1ec3m tham quan h\u00e0ng \u0111\u1ea7u \u1edf B\u1edd \u0110\u00f4ng, t\u00ecm hi\u1ec3u th\u00eam v\u1ec1 v\u0103n h\u00f3a v\u00e0 l\u1ecbch s\u1eed \u0111\u1ecba ph\u01b0\u01a1ng.\u3010K\u1ef3 quan thi\u00ean nhi\u00ean\u3011Tham quan th\u00e1c Niagara, kinh ng\u1ea1c tr\u01b0\u1edbc s\u1ee9c m\u1ea1nh c\u1ee7a thi\u00ean nhi\u00ean v\u00e0 khung c\u1ea3nh ngo\u1ea1n m\u1ee5c!\u3010\u0110\u1ea1i h\u1ecdc h\u00e0ng \u0111\u1ea7u th\u1ebf gi\u1edbi\u3011B\u01b0\u1edbc v\u00e0o tr\u01b0\u1eddng \u0111\u1ea1i h\u1ecdc x\u1ebfp h\u1ea1ng h\u00e0ng \u0111\u1ea7u th\u1ebf gi\u1edbi &#8211; \u0110\u1ea1i h\u1ecdc Harvard.\u3010L\u1ef1a ch\u1ecdn c\u1ee7a ng\u01b0\u1eddi s\u00e0nh \u0103n\u3011Th\u01b0\u1edfng th\u1ee9c h\u01b0\u01a1ng v\u1ecb \u0111\u1ecba ph\u01b0\u01a1ng \u0111\u00edch th\u1ef1c, kh\u00e1m ph\u00e1 c\u00e1c s\u1ea3n ph\u1ea9m t\u01b0\u01a1i ngon t\u1ea1i ch\u1ee3 Quincy v\u00e0 th\u01b0\u1edfng th\u1ee9c b\u1eefa \u0103n t\u00f4m h\u00f9m Boston ch\u00ednh hi\u1ec7u.<\/p>\n","protected":false},"featured_media":1999,"comment_status":"open","ping_status":"closed","template":"","meta":{"_et_pb_use_builder":"on","_et_pb_old_content":"","_et_gb_content_width":""},"product_brand":[],"product_cat":[56],"product_tag":[],"class_list":{"0":"post-1626","1":"product","2":"type-product","3":"status-publish","4":"has-post-thumbnail","6":"product_cat-bo-dong-my","8":"first","9":"instock","10":"sale","11":"taxable","12":"shipping-taxable","13":"purchasable","14":"product-type-simple"},"acf":[],"_links":{"self":[{"href":"https:\/\/demo17.mikotech.com.vn\/vi\/wp-json\/wp\/v2\/product\/1626","targetHints":{"allow":["GET"]}}],"collection":[{"href":"https:\/\/demo17.mikotech.com.vn\/vi\/wp-json\/wp\/v2\/product"}],"about":[{"href":"https:\/\/demo17.mikotech.com.vn\/vi\/wp-json\/wp\/v2\/types\/product"}],"replies":[{"embeddable":true,"href":"https:\/\/demo17.mikotech.com.vn\/vi\/wp-json\/wp\/v2\/comments?post=1626"}],"wp:featuredmedia":[{"embeddable":true,"href":"https:\/\/demo17.mikotech.com.vn\/vi\/wp-json\/wp\/v2\/media\/1999"}],"wp:attachment":[{"href":"https:\/\/demo17.mikotech.com.vn\/vi\/wp-json\/wp\/v2\/media?parent=1626"}],"wp:term":[{"taxonomy":"product_brand","embeddable":true,"href":"https:\/\/demo17.mikotech.com.vn\/vi\/wp-json\/wp\/v2\/product_brand?post=1626"},{"taxonomy":"product_cat","embeddable":true,"href":"https:\/\/demo17.mikotech.com.vn\/vi\/wp-json\/wp\/v2\/product_cat?post=1626"},{"taxonomy":"product_tag","embeddable":true,"href":"https:\/\/demo17.mikotech.com.vn\/vi\/wp-json\/wp\/v2\/product_tag?post=1626"}],"curies":[{"name":"wp","href":"https:\/\/api.w.org\/{rel}","templated":true}]}}