{"id":2073,"date":"2026-03-18T15:40:16","date_gmt":"2026-03-18T08:40:16","guid":{"rendered":"https:\/\/demo17.mikotech.com.vn\/?post_type=product&#038;p=2073"},"modified":"2026-03-30T16:29:46","modified_gmt":"2026-03-30T09:29:46","slug":"bo-dong-my-use100-5d4n-philadelphia-thu-do-washington-d-c-thac-niagara-boston","status":"publish","type":"product","link":"https:\/\/demo17.mikotech.com.vn\/vi\/product\/bo-dong-my-use100-5d4n-philadelphia-thu-do-washington-d-c-thac-niagara-boston\/","title":{"rendered":"B\u1edc \u0110\u00d4NG M\u1ef8: [USE100-5D4N] Philadelphia \u2013 Th\u1ee7 \u0111\u00f4 Washington D.C \u2013 Th\u00e1c Niagara \u2013 Boston (*)"},"content":{"rendered":"<p>[et_pb_section fb_built=&#8221;1&#8243; _builder_version=&#8221;4.27.4&#8243; _module_preset=&#8221;default&#8221; global_colors_info=&#8221;{}&#8221;][\/et_pb_section]<\/p>\n","protected":false},"excerpt":{"rendered":"<p>Kh\u00e1ch \u0111ang t\u00ecm ki\u1ebfm m\u1ed9t chuy\u1ebfn \u0111i tuy\u1ec7t v\u1eddi \u0111\u1ebfn B\u1edd \u0110\u00f4ng? Tour n\u00e0y s\u1ebd \u0111\u01b0a kh\u00e1ch \u0111\u1ebfn t\u1ea5t c\u1ea3 nh\u1eefng \u0111i\u1ec3m tham quan n\u1ed5i b\u1eadt nh\u1ea5t v\u00e0 c\u00f3 \u0111i\u1ec1u th\u00fa v\u1ecb d\u00e0nh cho m\u1ecdi ng\u01b0\u1eddi.\u3010An to\u00e0n l\u00e0 tr\u00ean h\u1ebft\u3011T\u00e0i x\u1ebf v\u00e0 h\u01b0\u1edbng d\u1eabn vi\u00ean chuy\u00ean nghi\u1ec7p cung c\u1ea5p d\u1ecbch v\u1ee5 chu \u0111\u00e1o, gi\u00fap chuy\u1ebfn \u0111i c\u1ee7a kh\u00e1ch an t\u00e2m h\u01a1n.\u3010Mi\u1ec1n \u0110\u00f4ng Hoa K\u1ef3\u3011T\u1eadp trung kh\u00e1m ph\u00e1 nh\u1eefng \u0111i\u1ec3m n\u1ed5i b\u1eadt c\u1ee7a c\u00e1c th\u00e0nh ph\u1ed1 n\u1ed5i ti\u1ebfng \u1edf B\u1edd \u0110\u00f4ng Hoa K\u1ef3, c\u1ea3m nh\u1eadn s\u1ef1 quy\u1ebfn r\u0169 c\u1ee7a hai th\u1ee7 \u0111\u00f4 v\u00e0 tr\u1ea3i nghi\u1ec7m s\u00e2u s\u1eafc l\u1ecbch s\u1eed v\u00e0 v\u0103n h\u00f3a M\u1ef9.\u3010K\u1ef3 quan thi\u00ean nhi\u00ean\u3011Tr\u1ea3i nghi\u1ec7m c\u00e1c ho\u1ea1t \u0111\u1ed9ng th\u00fa v\u1ecb t\u1ea1i Th\u00e1c Niagara v\u00e0 c\u1ea3m nh\u1eadn s\u1ee9c m\u1ea1nh h\u00f9ng v\u0129 c\u1ee7a th\u00e1c n\u01b0\u1edbc.\u3010\u0110\u1ea1i h\u1ecdc h\u00e0ng \u0111\u1ea7u th\u1ebf gi\u1edbi\u3011Tham quan tr\u01b0\u1eddng \u0111\u1ea1i h\u1ecdc n\u1ed5i ti\u1ebfng th\u1ebf gi\u1edbi &#8211; \u0110\u1ea1i h\u1ecdc Harvard v\u00e0 tr\u1ea3i nghi\u1ec7m phong c\u00e1ch \u0111\u1ed9c \u0111\u00e1o c\u1ee7a m\u1ed9t tr\u01b0\u1eddng \u0111\u1ea1i h\u1ecdc danh ti\u1ebfng.\u3010L\u1ef1a ch\u1ecdn c\u1ee7a ng\u01b0\u1eddi s\u00e0nh \u0103n\u3011N\u1ebfm th\u1eed h\u01b0\u01a1ng v\u1ecb th\u01a1m ngon t\u1ea1i Ch\u1ee3 Quincy \u1edf Boston v\u00e0 tr\u1ea3i nghi\u1ec7m b\u1eefa \u0103n t\u00f4m h\u00f9m \u0111\u00edch th\u1ef1c.<\/p>\n","protected":false},"featured_media":2173,"comment_status":"open","ping_status":"closed","template":"","meta":{"_et_pb_use_builder":"on","_et_pb_old_content":"","_et_gb_content_width":""},"product_brand":[],"product_cat":[56],"product_tag":[],"class_list":{"0":"post-2073","1":"product","2":"type-product","3":"status-publish","4":"has-post-thumbnail","6":"product_cat-bo-dong-my","8":"first","9":"instock","10":"sale","11":"taxable","12":"shipping-taxable","13":"purchasable","14":"product-type-simple"},"acf":[],"_links":{"self":[{"href":"https:\/\/demo17.mikotech.com.vn\/vi\/wp-json\/wp\/v2\/product\/2073","targetHints":{"allow":["GET"]}}],"collection":[{"href":"https:\/\/demo17.mikotech.com.vn\/vi\/wp-json\/wp\/v2\/product"}],"about":[{"href":"https:\/\/demo17.mikotech.com.vn\/vi\/wp-json\/wp\/v2\/types\/product"}],"replies":[{"embeddable":true,"href":"https:\/\/demo17.mikotech.com.vn\/vi\/wp-json\/wp\/v2\/comments?post=2073"}],"wp:featuredmedia":[{"embeddable":true,"href":"https:\/\/demo17.mikotech.com.vn\/vi\/wp-json\/wp\/v2\/media\/2173"}],"wp:attachment":[{"href":"https:\/\/demo17.mikotech.com.vn\/vi\/wp-json\/wp\/v2\/media?parent=2073"}],"wp:term":[{"taxonomy":"product_brand","embeddable":true,"href":"https:\/\/demo17.mikotech.com.vn\/vi\/wp-json\/wp\/v2\/product_brand?post=2073"},{"taxonomy":"product_cat","embeddable":true,"href":"https:\/\/demo17.mikotech.com.vn\/vi\/wp-json\/wp\/v2\/product_cat?post=2073"},{"taxonomy":"product_tag","embeddable":true,"href":"https:\/\/demo17.mikotech.com.vn\/vi\/wp-json\/wp\/v2\/product_tag?post=2073"}],"curies":[{"name":"wp","href":"https:\/\/api.w.org\/{rel}","templated":true}]}}